{"id":10,"date":"2019-08-08T10:18:53","date_gmt":"2019-08-08T10:18:53","guid":{"rendered":"http:\/\/w5.leoz.es\/telefonos\/"},"modified":"2019-12-20T08:06:36","modified_gmt":"2019-12-20T08:06:36","slug":"telefonos","status":"publish","type":"page","link":"http:\/\/www.leoz.es\/eu\/telefonos\/","title":{"rendered":"Telefonoak"},"content":{"rendered":"<table style=\"border-collapse: collapse;\" border=\"1\" frame=\"border\" cellspacing=\"0\" cellpadding=\"0\" align=\"center\">\n<thead>\n<tr>\n<th><strong>Entidad<\/strong><\/th>\n<th><strong>Tel\u00e9fono<\/strong><\/th>\n<th><strong>Correo electr\u00f3nico<\/strong><\/th>\n<\/tr>\n<\/thead>\n<tbody>\n<tr>\n<td><a href=\"http:\/\/www.leoz.es\" target=\"_blank\" rel=\"noopener\">AYUNTAMIENTO DE LEOZ<\/a><\/td>\n<td>948752005<\/td>\n<td><a href=\"mailto:ayuntamiento@leoz.es\">ayuntamiento@leoz.es<\/a><\/td>\n<\/tr>\n<tr>\n<td><a href=\"http:\/\/www.mairaga.es\/\" target=\"_blank\" rel=\"noopener\">MANCOMUNIDAD DE MAIRAGA<\/a><\/td>\n<td>948703305<\/td>\n<td><a href=\"mailto:mairaga@mairaga.es\">mairaga@mairaga.es<\/a><\/td>\n<\/tr>\n<tr>\n<td><a href=\"http:\/\/www.navarramedia.es\/\" target=\"_blank\" rel=\"noopener\">CONSORCIO DE DESARROLLO DE LA ZONA MEDIA<\/a><\/td>\n<td>948720500 948740739<\/td>\n<td><a href=\"mailto:consorcio@navarramedia.org\">consorcio@navarramedia.org<\/a><\/td>\n<\/tr>\n<tr>\n<td><a href=\"http:\/\/www.valdorba.org\/\" target=\"_blank\" rel=\"noopener\">ASOCIACI\u00d3N DESARROLLO VALDORBA<\/a><\/td>\n<td>948720500<\/td>\n<td><a href=\"mailto:info@valdorba.es\">info@valdorba.es<\/a><\/td>\n<\/tr>\n<tr>\n<td>ORVE<\/td>\n<td>948755034<\/td>\n<td><\/td>\n<\/tr>\n<tr>\n<td colspan=\"3\"><strong>SALUD<\/strong><\/td>\n<\/tr>\n<tr>\n<td>SOS NAVARRA<\/td>\n<td>112<\/td>\n<td><\/td>\n<\/tr>\n<tr>\n<td colspan=\"3\"><a href=\"https:\/\/administracionelectronica.navarra.es\/CAR\/LoginCipna.aspx?id=50097&amp;referrer=https:\/\/administracionelectronica.navarra.es\/webcitaprevia\/home_es\/TiposServicio.aspx&amp;serviceDescription=Servicio+de+cita+previa+por+internet&amp;SkipRepInfo=\" target=\"_blank\" rel=\"noopener\">SOLICITUD CITA M\u00c9DICA ONLINE<\/a><\/td>\n<\/tr>\n<tr>\n<td>CONSULTORIO M\u00c9DICO DE BAR\u00c1SOAIN<\/td>\n<td>948720021<\/td>\n<td><\/td>\n<\/tr>\n<tr>\n<td>CONSULTORIO M\u00c9DICO DE PUEYO<\/td>\n<td>948721114<\/td>\n<td><\/td>\n<\/tr>\n<tr>\n<td>CENTRO DE SALUD DE TAFALLA (URGENCIAS)<\/td>\n<td>948720021<\/td>\n<td><\/td>\n<\/tr>\n<tr>\n<td>CENTRO DE ATENCI\u00d3N A LA MUJER CAP TAFALLA<\/td>\n<td>948703919<\/td>\n<td><\/td>\n<\/tr>\n<tr>\n<td colspan=\"3\"><strong>EDUCACI\u00d3N<\/strong><\/td>\n<\/tr>\n<tr>\n<td><a href=\"http:\/\/colegiomartindeazpilcueta.blogspot.com.es\/\" target=\"_blank\" rel=\"noopener\">COLEGIO P\u00daBLICO \u201cMart\u00edn de Azpilicueta\u201d (Barasoain)<\/a><\/td>\n<td>948752047<\/td>\n<td><\/td>\n<\/tr>\n<tr>\n<td>ESCUELA INFANTIL \u201cAMATXI\u201d (Garinoain)<\/td>\n<td>948752112<\/td>\n<td><\/td>\n<\/tr>\n<tr>\n<td><a href=\"http:\/\/www.tafallakoikastola.com\/es\/index.asp\" target=\"_blank\" rel=\"noopener\">IKASTOLA \u201cGarces de los Fayos\u201d (Tafalla)<\/a><\/td>\n<td>948700728<\/td>\n<td><\/td>\n<\/tr>\n<tr>\n<td><a href=\"http:\/\/cptafalla.educacion.navarra.es\/web\/\" target=\"_blank\" rel=\"noopener\">COLEGIO P\u00daBLICO COMARCAL \u201cMarqu\u00e9s de la Real Defensa\u201d (Tafalla)<\/a><\/td>\n<td>948701254<\/td>\n<td><a href=\"mailto:cp.tafalla@pnte.cfnavarra.es\">cp.tafalla@pnte.cfnavarra.es<\/a><\/td>\n<\/tr>\n<tr>\n<td><a href=\"http:\/\/www.escolapiosemaus.org\/colegio\/index.php?idcolegio=32\" target=\"_blank\" rel=\"noopener\">COLEGIO ESCUELAS P\u00cdAS (Tafalla)<\/a><\/td>\n<td>948700094<\/td>\n<td><\/td>\n<\/tr>\n<tr>\n<td>COLEGIO SAN JOS\u00c9 \/ HIJAS DE LA CARIDAD (Tafalla)<\/td>\n<td>948700542<\/td>\n<td><\/td>\n<\/tr>\n<tr>\n<td><a href=\"http:\/\/www.politecnicotafalla.es\/\" target=\"_blank\" rel=\"noopener\">I.E.S. POLIT\u00c9CNICO TAFALLA<\/a><\/td>\n<td>948700240<\/td>\n<td><\/td>\n<\/tr>\n<tr>\n<td colspan=\"3\"><strong>BIENESTAR SOCIAL<\/strong><\/td>\n<\/tr>\n<tr>\n<td>SERVICIO SOCIAL DE BASE ZONA TAFALLA<\/td>\n<td>948701811<\/td>\n<td><\/td>\n<\/tr>\n<\/tbody>\n<\/table>\n<p><\/p>\n","protected":false},"excerpt":{"rendered":"<p>Entidad Tel\u00e9fono Correo electr\u00f3nico AYUNTAMIENTO DE LEOZ 948752005 ayuntamiento@leoz.es MANCOMUNIDAD DE MAIRAGA 948703305 mairaga@mairaga.es CONSORCIO DE DESARROLLO DE LA ZONA MEDIA 948720500 948740739 consorcio@navarramedia.org ASOCIACI\u00d3N DESARROLLO VALDORBA 948720500 info@valdorba.es ORVE 948755034 SALUD SOS NAVARRA 112 SOLICITUD CITA M\u00c9DICA ONLINE CONSULTORIO&hellip; <\/p>\n","protected":false},"author":1,"featured_media":0,"parent":0,"menu_order":0,"comment_status":"closed","ping_status":"closed","template":"","meta":{"_monsterinsights_skip_tracking":false,"_monsterinsights_sitenote_active":false,"_monsterinsights_sitenote_note":"","_monsterinsights_sitenote_category":0,"footnotes":""},"class_list":["post-10","page","type-page","status-publish","hentry"],"yoast_head":"<!-- This site is optimized with the Yoast SEO plugin v26.8 - https:\/\/yoast.com\/product\/yoast-seo-wordpress\/ -->\r\n<title>Telefonoak - Ayuntamiento de Leoz<\/title>\r\n<meta name=\"robots\" content=\"index, follow, max-snippet:-1, max-image-preview:large, max-video-preview:-1\" \/>\r\n<link rel=\"canonical\" href=\"http:\/\/www.leoz.es\/telefonos\/\" \/>\r\n<meta property=\"og:locale\" content=\"en_US\" \/>\r\n<meta property=\"og:type\" content=\"article\" \/>\r\n<meta property=\"og:title\" content=\"[:es]Tel\u00e9fonos[:eu]Telefonoak[:] - Ayuntamiento de Leoz\" \/>\r\n<meta property=\"og:description\" content=\"Entidad Tel\u00e9fono Correo electr\u00f3nico AYUNTAMIENTO DE LEOZ 948752005 ayuntamiento@leoz.es MANCOMUNIDAD DE MAIRAGA 948703305 mairaga@mairaga.es CONSORCIO DE DESARROLLO DE LA ZONA MEDIA 948720500 948740739 consorcio@navarramedia.org ASOCIACI\u00d3N DESARROLLO VALDORBA 948720500 info@valdorba.es ORVE 948755034 SALUD SOS NAVARRA 112 SOLICITUD CITA M\u00c9DICA ONLINE CONSULTORIO&hellip;\" \/>\r\n<meta property=\"og:url\" content=\"http:\/\/www.leoz.es\/telefonos\/\" \/>\r\n<meta property=\"og:site_name\" content=\"Ayuntamiento de Leoz\" \/>\r\n<meta property=\"article:modified_time\" content=\"2019-12-20T08:06:36+00:00\" \/>\r\n<meta name=\"twitter:card\" content=\"summary_large_image\" \/>\r\n<meta name=\"twitter:label1\" content=\"Est. reading time\" \/>\n\t<meta name=\"twitter:data1\" content=\"1 minutua\" \/>\r\n<script type=\"application\/ld+json\" class=\"yoast-schema-graph\">{\"@context\":\"https:\/\/schema.org\",\"@graph\":[{\"@type\":\"WebPage\",\"@id\":\"http:\/\/www.leoz.es\/telefonos\/\",\"url\":\"http:\/\/www.leoz.es\/telefonos\/\",\"name\":\"[:es]Tel\u00e9fonos[:eu]Telefonoak[:] - Ayuntamiento de Leoz\",\"isPartOf\":{\"@id\":\"http:\/\/www.leoz.es\/#website\"},\"datePublished\":\"2019-08-08T10:18:53+00:00\",\"dateModified\":\"2019-12-20T08:06:36+00:00\",\"breadcrumb\":{\"@id\":\"http:\/\/www.leoz.es\/telefonos\/#breadcrumb\"},\"inLanguage\":\"eu\",\"potentialAction\":[{\"@type\":\"ReadAction\",\"target\":[\"http:\/\/www.leoz.es\/telefonos\/\"]}]},{\"@type\":\"BreadcrumbList\",\"@id\":\"http:\/\/www.leoz.es\/telefonos\/#breadcrumb\",\"itemListElement\":[{\"@type\":\"ListItem\",\"position\":1,\"name\":\"Portada\",\"item\":\"http:\/\/www.leoz.es\/\"},{\"@type\":\"ListItem\",\"position\":2,\"name\":\"Tel\u00e9fonos\"}]},{\"@type\":\"WebSite\",\"@id\":\"http:\/\/www.leoz.es\/#website\",\"url\":\"http:\/\/www.leoz.es\/\",\"name\":\"Ayuntamiento de Leoz\",\"description\":\"\",\"potentialAction\":[{\"@type\":\"SearchAction\",\"target\":{\"@type\":\"EntryPoint\",\"urlTemplate\":\"http:\/\/www.leoz.es\/?s={search_term_string}\"},\"query-input\":{\"@type\":\"PropertyValueSpecification\",\"valueRequired\":true,\"valueName\":\"search_term_string\"}}],\"inLanguage\":\"eu\"}]}<\/script>\r\n<!-- \/ Yoast SEO plugin. -->","yoast_head_json":{"title":"[:es]Tel\u00e9fonos[:eu]Telefonoak[:] - Ayuntamiento de Leoz","robots":{"index":"index","follow":"follow","max-snippet":"max-snippet:-1","max-image-preview":"max-image-preview:large","max-video-preview":"max-video-preview:-1"},"canonical":"http:\/\/www.leoz.es\/telefonos\/","og_locale":"en_US","og_type":"article","og_title":"[:es]Tel\u00e9fonos[:eu]Telefonoak[:] - Ayuntamiento de Leoz","og_description":"Entidad Tel\u00e9fono Correo electr\u00f3nico AYUNTAMIENTO DE LEOZ 948752005 ayuntamiento@leoz.es MANCOMUNIDAD DE MAIRAGA 948703305 mairaga@mairaga.es CONSORCIO DE DESARROLLO DE LA ZONA MEDIA 948720500 948740739 consorcio@navarramedia.org ASOCIACI\u00d3N DESARROLLO VALDORBA 948720500 info@valdorba.es ORVE 948755034 SALUD SOS NAVARRA 112 SOLICITUD CITA M\u00c9DICA ONLINE CONSULTORIO&hellip;","og_url":"http:\/\/www.leoz.es\/telefonos\/","og_site_name":"Ayuntamiento de Leoz","article_modified_time":"2019-12-20T08:06:36+00:00","twitter_card":"summary_large_image","twitter_misc":{"Est. reading time":"1 minutua"},"schema":{"@context":"https:\/\/schema.org","@graph":[{"@type":"WebPage","@id":"http:\/\/www.leoz.es\/telefonos\/","url":"http:\/\/www.leoz.es\/telefonos\/","name":"[:es]Tel\u00e9fonos[:eu]Telefonoak[:] - Ayuntamiento de Leoz","isPartOf":{"@id":"http:\/\/www.leoz.es\/#website"},"datePublished":"2019-08-08T10:18:53+00:00","dateModified":"2019-12-20T08:06:36+00:00","breadcrumb":{"@id":"http:\/\/www.leoz.es\/telefonos\/#breadcrumb"},"inLanguage":"eu","potentialAction":[{"@type":"ReadAction","target":["http:\/\/www.leoz.es\/telefonos\/"]}]},{"@type":"BreadcrumbList","@id":"http:\/\/www.leoz.es\/telefonos\/#breadcrumb","itemListElement":[{"@type":"ListItem","position":1,"name":"Portada","item":"http:\/\/www.leoz.es\/"},{"@type":"ListItem","position":2,"name":"Tel\u00e9fonos"}]},{"@type":"WebSite","@id":"http:\/\/www.leoz.es\/#website","url":"http:\/\/www.leoz.es\/","name":"Ayuntamiento de Leoz","description":"","potentialAction":[{"@type":"SearchAction","target":{"@type":"EntryPoint","urlTemplate":"http:\/\/www.leoz.es\/?s={search_term_string}"},"query-input":{"@type":"PropertyValueSpecification","valueRequired":true,"valueName":"search_term_string"}}],"inLanguage":"eu"}]}},"_links":{"self":[{"href":"http:\/\/www.leoz.es\/eu\/wp-json\/wp\/v2\/pages\/10","targetHints":{"allow":["GET"]}}],"collection":[{"href":"http:\/\/www.leoz.es\/eu\/wp-json\/wp\/v2\/pages"}],"about":[{"href":"http:\/\/www.leoz.es\/eu\/wp-json\/wp\/v2\/types\/page"}],"author":[{"embeddable":true,"href":"http:\/\/www.leoz.es\/eu\/wp-json\/wp\/v2\/users\/1"}],"replies":[{"embeddable":true,"href":"http:\/\/www.leoz.es\/eu\/wp-json\/wp\/v2\/comments?post=10"}],"version-history":[{"count":2,"href":"http:\/\/www.leoz.es\/eu\/wp-json\/wp\/v2\/pages\/10\/revisions"}],"predecessor-version":[{"id":527,"href":"http:\/\/www.leoz.es\/eu\/wp-json\/wp\/v2\/pages\/10\/revisions\/527"}],"wp:attachment":[{"href":"http:\/\/www.leoz.es\/eu\/wp-json\/wp\/v2\/media?parent=10"}],"curies":[{"name":"wp","href":"https:\/\/api.w.org\/{rel}","templated":true}]}}