{"id":54,"date":"2019-08-08T12:27:12","date_gmt":"2019-08-08T12:27:12","guid":{"rendered":"http:\/\/w5.leoz.es\/?page_id=54"},"modified":"2019-12-20T08:06:14","modified_gmt":"2019-12-20T08:06:14","slug":"instancias","status":"publish","type":"page","link":"http:\/\/www.leoz.es\/eu\/instancias\/","title":{"rendered":"Eskabideak"},"content":{"rendered":"<ul>\n<li><a href=\"http:\/\/w5.leoz.es\/wp-content\/uploads\/sites\/161\/2019\/08\/instanciageneral_pub_0001.pdf\" class=\"mtli_attachment mtli_pdf\">Instancia general<\/a><\/li>\n<li><a href=\"http:\/\/w5.leoz.es\/wp-content\/uploads\/sites\/161\/2019\/08\/solicitud-lote-de-lena-2016.pdf\" class=\"mtli_attachment mtli_pdf\">solicitud lote de le\u00f1a<\/a><\/li>\n<li><a href=\"http:\/\/w5.leoz.es\/wp-content\/uploads\/sites\/161\/2019\/08\/INSTANCIA-AYUDAS-PISCINA-VERANO.pdf\" class=\"mtli_attachment mtli_pdf\">Formulario de solicitud de subvenci\u00f3n por el abono de piscinas en Valdorba<\/a><\/li>\n<li><a href=\"http:\/\/w5.leoz.es\/wp-content\/uploads\/sites\/161\/2019\/08\/INSTANCIA-AYUDAS-ESCUELA-MUSICA.pdf\" class=\"mtli_attachment mtli_pdf\">Formaci\u00f3n musical para el curso escolar<\/a><\/li>\n<li><a href=\"http:\/\/w5.leoz.es\/wp-content\/uploads\/sites\/161\/2019\/08\/AYUDAS-POLIDEPORTIVO-TAFALLA.pdf\" class=\"mtli_attachment mtli_pdf\">Formaci\u00f3n de euskera<\/a><\/li>\n<li><a href=\"http:\/\/w5.leoz.es\/wp-content\/uploads\/sites\/161\/2019\/08\/AYUDAS-POLIDEPORTIVO-TAFALLA-1.pdf\" class=\"mtli_attachment mtli_pdf\">Matr\u00edcula del polideportivo<\/a><\/li>\n<li><a href=\"http:\/\/w5.leoz.es\/wp-content\/uploads\/sites\/161\/2019\/08\/INSTANCIA-AYUDAS-TRANSPORTE-ALTERNATIVO.pdf\" class=\"mtli_attachment mtli_pdf\">Transporte alternativo &#8220;bono-taxi&#8221;<\/a><\/li>\n<li><a href=\"http:\/\/w5.leoz.es\/wp-content\/uploads\/sites\/161\/2019\/08\/licenciaobra_pub_0001.pdf\" class=\"mtli_attachment mtli_pdf\">Formulario de solicitud de licencia de obra<\/a><\/li>\n<\/ul>\n","protected":false},"excerpt":{"rendered":"<p>Instancia general solicitud lote de le\u00f1a Formulario de solicitud de subvenci\u00f3n por el abono de piscinas en Valdorba Formaci\u00f3n musical para el curso escolar Formaci\u00f3n de euskera Matr\u00edcula del polideportivo Transporte alternativo &#8220;bono-taxi&#8221; Formulario de solicitud de licencia de obra<\/p>\n","protected":false},"author":2,"featured_media":0,"parent":0,"menu_order":0,"comment_status":"closed","ping_status":"closed","template":"","meta":{"_monsterinsights_skip_tracking":false,"_monsterinsights_sitenote_active":false,"_monsterinsights_sitenote_note":"","_monsterinsights_sitenote_category":0,"footnotes":""},"class_list":["post-54","page","type-page","status-publish","hentry"],"yoast_head":"<!-- This site is optimized with the Yoast SEO plugin v26.8 - https:\/\/yoast.com\/product\/yoast-seo-wordpress\/ -->\r\n<title>Eskabideak - Ayuntamiento de Leoz<\/title>\r\n<meta name=\"robots\" content=\"index, follow, max-snippet:-1, max-image-preview:large, max-video-preview:-1\" \/>\r\n<link rel=\"canonical\" href=\"http:\/\/www.leoz.es\/instancias\/\" \/>\r\n<meta property=\"og:locale\" content=\"en_US\" \/>\r\n<meta property=\"og:type\" content=\"article\" \/>\r\n<meta property=\"og:title\" content=\"[:es]Instancias[:eu]Eskabideak[:] - Ayuntamiento de Leoz\" \/>\r\n<meta property=\"og:description\" content=\"Instancia general solicitud lote de le\u00f1a Formulario de solicitud de subvenci\u00f3n por el abono de piscinas en Valdorba Formaci\u00f3n musical para el curso escolar Formaci\u00f3n de euskera Matr\u00edcula del polideportivo Transporte alternativo &#8220;bono-taxi&#8221; Formulario de solicitud de licencia de obra\" \/>\r\n<meta property=\"og:url\" content=\"http:\/\/www.leoz.es\/instancias\/\" \/>\r\n<meta property=\"og:site_name\" content=\"Ayuntamiento de Leoz\" \/>\r\n<meta property=\"article:modified_time\" content=\"2019-12-20T08:06:14+00:00\" \/>\r\n<meta name=\"twitter:card\" content=\"summary_large_image\" \/>\r\n<script type=\"application\/ld+json\" class=\"yoast-schema-graph\">{\"@context\":\"https:\/\/schema.org\",\"@graph\":[{\"@type\":\"WebPage\",\"@id\":\"http:\/\/www.leoz.es\/instancias\/\",\"url\":\"http:\/\/www.leoz.es\/instancias\/\",\"name\":\"[:es]Instancias[:eu]Eskabideak[:] - Ayuntamiento de Leoz\",\"isPartOf\":{\"@id\":\"http:\/\/www.leoz.es\/#website\"},\"datePublished\":\"2019-08-08T12:27:12+00:00\",\"dateModified\":\"2019-12-20T08:06:14+00:00\",\"breadcrumb\":{\"@id\":\"http:\/\/www.leoz.es\/instancias\/#breadcrumb\"},\"inLanguage\":\"eu\",\"potentialAction\":[{\"@type\":\"ReadAction\",\"target\":[\"http:\/\/www.leoz.es\/instancias\/\"]}]},{\"@type\":\"BreadcrumbList\",\"@id\":\"http:\/\/www.leoz.es\/instancias\/#breadcrumb\",\"itemListElement\":[{\"@type\":\"ListItem\",\"position\":1,\"name\":\"Portada\",\"item\":\"http:\/\/www.leoz.es\/\"},{\"@type\":\"ListItem\",\"position\":2,\"name\":\"Instancias\"}]},{\"@type\":\"WebSite\",\"@id\":\"http:\/\/www.leoz.es\/#website\",\"url\":\"http:\/\/www.leoz.es\/\",\"name\":\"Ayuntamiento de Leoz\",\"description\":\"\",\"potentialAction\":[{\"@type\":\"SearchAction\",\"target\":{\"@type\":\"EntryPoint\",\"urlTemplate\":\"http:\/\/www.leoz.es\/?s={search_term_string}\"},\"query-input\":{\"@type\":\"PropertyValueSpecification\",\"valueRequired\":true,\"valueName\":\"search_term_string\"}}],\"inLanguage\":\"eu\"}]}<\/script>\r\n<!-- \/ Yoast SEO plugin. -->","yoast_head_json":{"title":"[:es]Instancias[:eu]Eskabideak[:] - Ayuntamiento de Leoz","robots":{"index":"index","follow":"follow","max-snippet":"max-snippet:-1","max-image-preview":"max-image-preview:large","max-video-preview":"max-video-preview:-1"},"canonical":"http:\/\/www.leoz.es\/instancias\/","og_locale":"en_US","og_type":"article","og_title":"[:es]Instancias[:eu]Eskabideak[:] - Ayuntamiento de Leoz","og_description":"Instancia general solicitud lote de le\u00f1a Formulario de solicitud de subvenci\u00f3n por el abono de piscinas en Valdorba Formaci\u00f3n musical para el curso escolar Formaci\u00f3n de euskera Matr\u00edcula del polideportivo Transporte alternativo &#8220;bono-taxi&#8221; Formulario de solicitud de licencia de obra","og_url":"http:\/\/www.leoz.es\/instancias\/","og_site_name":"Ayuntamiento de Leoz","article_modified_time":"2019-12-20T08:06:14+00:00","twitter_card":"summary_large_image","schema":{"@context":"https:\/\/schema.org","@graph":[{"@type":"WebPage","@id":"http:\/\/www.leoz.es\/instancias\/","url":"http:\/\/www.leoz.es\/instancias\/","name":"[:es]Instancias[:eu]Eskabideak[:] - Ayuntamiento de Leoz","isPartOf":{"@id":"http:\/\/www.leoz.es\/#website"},"datePublished":"2019-08-08T12:27:12+00:00","dateModified":"2019-12-20T08:06:14+00:00","breadcrumb":{"@id":"http:\/\/www.leoz.es\/instancias\/#breadcrumb"},"inLanguage":"eu","potentialAction":[{"@type":"ReadAction","target":["http:\/\/www.leoz.es\/instancias\/"]}]},{"@type":"BreadcrumbList","@id":"http:\/\/www.leoz.es\/instancias\/#breadcrumb","itemListElement":[{"@type":"ListItem","position":1,"name":"Portada","item":"http:\/\/www.leoz.es\/"},{"@type":"ListItem","position":2,"name":"Instancias"}]},{"@type":"WebSite","@id":"http:\/\/www.leoz.es\/#website","url":"http:\/\/www.leoz.es\/","name":"Ayuntamiento de Leoz","description":"","potentialAction":[{"@type":"SearchAction","target":{"@type":"EntryPoint","urlTemplate":"http:\/\/www.leoz.es\/?s={search_term_string}"},"query-input":{"@type":"PropertyValueSpecification","valueRequired":true,"valueName":"search_term_string"}}],"inLanguage":"eu"}]}},"_links":{"self":[{"href":"http:\/\/www.leoz.es\/eu\/wp-json\/wp\/v2\/pages\/54","targetHints":{"allow":["GET"]}}],"collection":[{"href":"http:\/\/www.leoz.es\/eu\/wp-json\/wp\/v2\/pages"}],"about":[{"href":"http:\/\/www.leoz.es\/eu\/wp-json\/wp\/v2\/types\/page"}],"author":[{"embeddable":true,"href":"http:\/\/www.leoz.es\/eu\/wp-json\/wp\/v2\/users\/2"}],"replies":[{"embeddable":true,"href":"http:\/\/www.leoz.es\/eu\/wp-json\/wp\/v2\/comments?post=54"}],"version-history":[{"count":2,"href":"http:\/\/www.leoz.es\/eu\/wp-json\/wp\/v2\/pages\/54\/revisions"}],"predecessor-version":[{"id":146,"href":"http:\/\/www.leoz.es\/eu\/wp-json\/wp\/v2\/pages\/54\/revisions\/146"}],"wp:attachment":[{"href":"http:\/\/www.leoz.es\/eu\/wp-json\/wp\/v2\/media?parent=54"}],"curies":[{"name":"wp","href":"https:\/\/api.w.org\/{rel}","templated":true}]}}